{"id":1015,"date":"2025-11-24T11:51:23","date_gmt":"2025-11-24T11:51:23","guid":{"rendered":"https:\/\/la-speranza.ch\/?page_id=1015"},"modified":"2026-04-21T19:47:02","modified_gmt":"2026-04-21T19:47:02","slug":"la-speranza-zug-italienisches-restaurant-im-theilerhaus","status":"publish","type":"page","link":"https:\/\/la-speranza.ch\/en\/la-speranza-zug-italienisches-restaurant-im-theilerhaus\/","title":{"rendered":"menu"},"content":{"rendered":"","protected":false},"excerpt":{"rendered":"","protected":false},"author":2,"featured_media":0,"parent":0,"menu_order":3,"comment_status":"closed","ping_status":"closed","template":"","meta":[],"class_list":["post-1015","page","type-page","status-publish","hentry"],"yoast_head":"<!-- This site is optimized with the Yoast SEO plugin v27.4 - https:\/\/yoast.com\/product\/yoast-seo-wordpress\/ -->\n<title>menu - La Speranza<\/title>\n<meta name=\"description\" content=\"La Speranza im Theilerhaus in Zug: Italienische K\u00fcche trifft auf die Landis &amp; Gyr Industriegeschichte.\" \/>\n<meta name=\"robots\" content=\"index, follow, max-snippet:-1, max-image-preview:large, max-video-preview:-1\" \/>\n<link rel=\"canonical\" href=\"https:\/\/la-speranza.ch\/en\/la-speranza-zug-italienisches-restaurant-im-theilerhaus\/\" \/>\n<meta property=\"og:locale\" content=\"en_GB\" \/>\n<meta property=\"og:type\" content=\"article\" \/>\n<meta property=\"og:title\" content=\"menu - La Speranza\" \/>\n<meta property=\"og:description\" content=\"La Speranza im Theilerhaus in Zug: Italienische K\u00fcche trifft auf die Landis &amp; Gyr Industriegeschichte.\" \/>\n<meta property=\"og:url\" content=\"https:\/\/la-speranza.ch\/en\/la-speranza-zug-italienisches-restaurant-im-theilerhaus\/\" \/>\n<meta property=\"og:site_name\" content=\"La Speranza\" \/>\n<meta property=\"article:modified_time\" content=\"2026-04-21T19:47:02+00:00\" \/>\n<meta name=\"twitter:card\" content=\"summary_large_image\" \/>\n<meta name=\"twitter:label1\" content=\"Estimated reading time\" \/>\n\t<meta name=\"twitter:data1\" content=\"1 minute\" \/>\n<script type=\"application\/ld+json\" class=\"yoast-schema-graph\">{\"@context\":\"https:\\\/\\\/schema.org\",\"@graph\":[{\"@type\":\"WebPage\",\"@id\":\"https:\\\/\\\/la-speranza.ch\\\/la-speranza-zug-italienisches-restaurant-im-theilerhaus\\\/\",\"url\":\"https:\\\/\\\/la-speranza.ch\\\/la-speranza-zug-italienisches-restaurant-im-theilerhaus\\\/\",\"name\":\"menu - La Speranza\",\"isPartOf\":{\"@id\":\"https:\\\/\\\/la-speranza.ch\\\/#website\"},\"datePublished\":\"2025-11-24T11:51:23+00:00\",\"dateModified\":\"2026-04-21T19:47:02+00:00\",\"description\":\"La Speranza im Theilerhaus in Zug: Italienische K\u00fcche trifft auf die Landis & Gyr Industriegeschichte.\",\"breadcrumb\":{\"@id\":\"https:\\\/\\\/la-speranza.ch\\\/la-speranza-zug-italienisches-restaurant-im-theilerhaus\\\/#breadcrumb\"},\"inLanguage\":\"en-GB\",\"potentialAction\":[{\"@type\":\"ReadAction\",\"target\":[\"https:\\\/\\\/la-speranza.ch\\\/la-speranza-zug-italienisches-restaurant-im-theilerhaus\\\/\"]}]},{\"@type\":\"BreadcrumbList\",\"@id\":\"https:\\\/\\\/la-speranza.ch\\\/la-speranza-zug-italienisches-restaurant-im-theilerhaus\\\/#breadcrumb\",\"itemListElement\":[{\"@type\":\"ListItem\",\"position\":1,\"name\":\"Start\",\"item\":\"https:\\\/\\\/la-speranza.ch\\\/\"},{\"@type\":\"ListItem\",\"position\":2,\"name\":\"menu\"}]},{\"@type\":\"WebSite\",\"@id\":\"https:\\\/\\\/la-speranza.ch\\\/#website\",\"url\":\"https:\\\/\\\/la-speranza.ch\\\/\",\"name\":\"La Speranza\",\"description\":\"im Theilerhaus\",\"potentialAction\":[{\"@type\":\"SearchAction\",\"target\":{\"@type\":\"EntryPoint\",\"urlTemplate\":\"https:\\\/\\\/la-speranza.ch\\\/?s={search_term_string}\"},\"query-input\":{\"@type\":\"PropertyValueSpecification\",\"valueRequired\":true,\"valueName\":\"search_term_string\"}}],\"inLanguage\":\"en-GB\"}]}<\/script>\n<!-- \/ Yoast SEO plugin. -->","yoast_head_json":{"title":"menu - La Speranza","description":"La Speranza im Theilerhaus in Zug: Italienische K\u00fcche trifft auf die Landis & Gyr Industriegeschichte.","robots":{"index":"index","follow":"follow","max-snippet":"max-snippet:-1","max-image-preview":"max-image-preview:large","max-video-preview":"max-video-preview:-1"},"canonical":"https:\/\/la-speranza.ch\/en\/la-speranza-zug-italienisches-restaurant-im-theilerhaus\/","og_locale":"en_GB","og_type":"article","og_title":"menu - La Speranza","og_description":"La Speranza im Theilerhaus in Zug: Italienische K\u00fcche trifft auf die Landis & Gyr Industriegeschichte.","og_url":"https:\/\/la-speranza.ch\/en\/la-speranza-zug-italienisches-restaurant-im-theilerhaus\/","og_site_name":"La Speranza","article_modified_time":"2026-04-21T19:47:02+00:00","twitter_card":"summary_large_image","twitter_misc":{"Estimated reading time":"1 minute"},"schema":{"@context":"https:\/\/schema.org","@graph":[{"@type":"WebPage","@id":"https:\/\/la-speranza.ch\/la-speranza-zug-italienisches-restaurant-im-theilerhaus\/","url":"https:\/\/la-speranza.ch\/la-speranza-zug-italienisches-restaurant-im-theilerhaus\/","name":"menu - La Speranza","isPartOf":{"@id":"https:\/\/la-speranza.ch\/#website"},"datePublished":"2025-11-24T11:51:23+00:00","dateModified":"2026-04-21T19:47:02+00:00","description":"La Speranza im Theilerhaus in Zug: Italienische K\u00fcche trifft auf die Landis & Gyr Industriegeschichte.","breadcrumb":{"@id":"https:\/\/la-speranza.ch\/la-speranza-zug-italienisches-restaurant-im-theilerhaus\/#breadcrumb"},"inLanguage":"en-GB","potentialAction":[{"@type":"ReadAction","target":["https:\/\/la-speranza.ch\/la-speranza-zug-italienisches-restaurant-im-theilerhaus\/"]}]},{"@type":"BreadcrumbList","@id":"https:\/\/la-speranza.ch\/la-speranza-zug-italienisches-restaurant-im-theilerhaus\/#breadcrumb","itemListElement":[{"@type":"ListItem","position":1,"name":"Start","item":"https:\/\/la-speranza.ch\/"},{"@type":"ListItem","position":2,"name":"menu"}]},{"@type":"WebSite","@id":"https:\/\/la-speranza.ch\/#website","url":"https:\/\/la-speranza.ch\/","name":"La Speranza","description":"im Theilerhaus","potentialAction":[{"@type":"SearchAction","target":{"@type":"EntryPoint","urlTemplate":"https:\/\/la-speranza.ch\/?s={search_term_string}"},"query-input":{"@type":"PropertyValueSpecification","valueRequired":true,"valueName":"search_term_string"}}],"inLanguage":"en-GB"}]}},"grid":"{\r\n  \"colCount\": 8,\r\n  \"colGutter\": 2,\r\n  \"rowGutters\": [],\r\n  \"frameMargin\": 5,\r\n  \"leftFrameMargin\": 2,\r\n  \"rightFrameMargin\": 2,\r\n  \"topFrameMargin\": 100,\r\n  \"horizontalGrid\": {\r\n    \"show\": false,\r\n    \"space\": 20,\r\n    \"mu\": \"px\"\r\n  },\r\n  \"mus\": {\r\n    \"colGutterMu\": \"%\",\r\n    \"rowGutterMu\": \"%\",\r\n    \"topFrameMu\": \"px\",\r\n    \"bottomFrameMu\": \"%\",\r\n    \"frameMu\": \"%\"\r\n  },\r\n  \"bottomFrameMargin\": 2,\r\n  \"rowAttrs\": [\r\n    {\r\n      \"row100vh\": false,\r\n      \"rowcustomheight\": \"85vh\",\r\n      \"relid\": 4\r\n    }\r\n  ],\r\n  \"bgColor\": null,\r\n  \"bgImage\": null,\r\n  \"cont\": [\r\n    {\r\n      \"type\": \"text\",\r\n      \"cont\": \"<p class=\\\"_Default\\\">Wir verbinden die industrielle Geschichte von Landis &amp; Gyr mit Genuss und Lebensfreude. In einmaliger Atmosph\u00e4re k\u00f6nnen Sie bei uns ausgew\u00e4hlte K\u00f6stlich\u00adkeiten der italienischen K\u00fcche geniessen.<\/p><p class=\\\"_Default\\\"><a rel=\\\"noopener\\\" href=\\\"https:\/\/la-speranza.ch\/wp-content\/uploads\/2025\/12\/la-Speranza-im-Theilerhaus-Menu.pdf\\\" target=\\\"_blank\\\">\u2014 Speisekarte<\/a> (wochentags nur am Abend, ausser Pinse)<\/p><p class=\\\"_Default\\\"><a rel=\\\"noopener\\\" href=\\\"https:\/\/la-speranza.ch\/tagesangebot\/\\\" target=\\\"_blank\\\">\u2014 Mittagsangebot<\/a><br \/><br \/><span>Di-Mi \u00a0 \u00a09.00 - 18.00 Uhr (K\u00fcche 11.30 - 16.00 Uhr)<\/span><br \/><span>Do-Sa \u00a09.00 - 23.00 Uhr (K\u00fcche 11.30 - 20.30 Uhr)<\/span><br \/><br \/><\/p><p><a class=\\\"laybutton1 laybutton\\\" rel=\\\"noopener\\\" href=\\\"https:\/\/mytools.aleno.me\/reservations\/v2.0\/reservations.html?k=eyJrIjoid2l2dTVrM2lsNm15cnBiOWlwdzZ4bmViajhycnVkaWRpZ280bGZwODBsbzlhNGlweTEiLCJyIjoiRlhyTERnb3FMRW9RQ1Fxck0iLCJzIjoiaHR0cHM6Ly9teXRvb2xzLmFsZW5vLm1lLyJ9\\\" target=\\\"_blank\\\"><span style=\\\"color: #ffffff;\\\">Reservation<\/span><\/a><br \/><br \/>Sie k\u00f6nnen Ihrer Reservation nicht nachkommen? Bitte kontaktieren Sie uns sp\u00e4testens vier Stunden vorher.<\/p>\",\r\n      \"align\": \"bottom\",\r\n      \"row\": 0,\r\n      \"col\": 0,\r\n      \"colspan\": 4,\r\n      \"offsetx\": 0,\r\n      \"offsety\": 0,\r\n      \"spaceabove\": 0,\r\n      \"spacebelow\": 0,\r\n      \"yvel\": 1,\r\n      \"push\": 0,\r\n      \"relid\": 3,\r\n      \"absolute_position\": true\r\n    },\r\n    {\r\n      \"type\": \"img\",\r\n      \"cont\": \"\/wp-content\/uploads\/2025\/11\/la-Speranza-Theilerhaus-Geburtstag-Daniel-Hunziker-Design-Identity-AG.png\",\r\n      \"align\": \"bottom\",\r\n      \"row\": 0,\r\n      \"col\": 4,\r\n      \"colspan\": 4,\r\n      \"offsetx\": 0,\r\n      \"offsety\": 0,\r\n      \"spaceabove\": 0,\r\n      \"spacebelow\": 0,\r\n      \"yvel\": 1,\r\n      \"push\": 4,\r\n      \"relid\": 1,\r\n      \"attid\": 1065,\r\n      \"sizes\": {\r\n        \"full\": \"\/wp-content\/uploads\/2025\/11\/la-Speranza-Theilerhaus-Geburtstag-Daniel-Hunziker-Design-Identity-AG.png\",\r\n        \"_1024\": \"\/wp-content\/uploads\/2025\/11\/la-Speranza-Theilerhaus-Geburtstag-Daniel-Hunziker-Design-Identity-AG-1024x1024.png\",\r\n        \"_768\": \"\/wp-content\/uploads\/2025\/11\/la-Speranza-Theilerhaus-Geburtstag-Daniel-Hunziker-Design-Identity-AG-768x768.png\",\r\n        \"_512\": \"\/wp-content\/uploads\/2025\/11\/la-Speranza-Theilerhaus-Geburtstag-Daniel-Hunziker-Design-Identity-AG-512x512.png\",\r\n        \"_265\": \"\/wp-content\/uploads\/2025\/11\/la-Speranza-Theilerhaus-Geburtstag-Daniel-Hunziker-Design-Identity-AG-265x265.png\"\r\n      },\r\n      \"w\": 1280,\r\n      \"h\": 1280,\r\n      \"ar\": 1,\r\n      \"alt\": \"\",\r\n      \"absolute_position\": true,\r\n      \"classes\": \"img_max\"\r\n    }\r\n  ]\r\n}","phonegrid":"{\r\n  \"colCount\": 12,\r\n  \"colGutter\": 1,\r\n  \"rowGutters\": [\r\n    5\r\n  ],\r\n  \"frameMargin\": 5,\r\n  \"topFrameMargin\": 5,\r\n  \"rightFrameMargin\": 5,\r\n  \"bottomFrameMargin\": 5,\r\n  \"leftFrameMargin\": 5,\r\n  \"mus\": {\r\n    \"colGutterMu\": \"%\",\r\n    \"rowGutterMu\": \"%\",\r\n    \"topFrameMu\": \"%\",\r\n    \"bottomFrameMu\": \"%\",\r\n    \"frameMu\": \"%\"\r\n  },\r\n  \"rowAttrs\": [\r\n    {\r\n      \"relid\": 5\r\n    },\r\n    {\r\n      \"relid\": 6\r\n    }\r\n  ],\r\n  \"bgColor\": null,\r\n  \"bgImage\": null,\r\n  \"cont\": [\r\n    {\r\n      \"type\": \"img\",\r\n      \"cont\": \"\/wp-content\/uploads\/2025\/11\/la-Speranza-Theilerhaus-Geburtstag-Daniel-Hunziker-Design-Identity-AG.png\",\r\n      \"align\": \"top\",\r\n      \"row\": 0,\r\n      \"col\": 0,\r\n      \"colspan\": 12,\r\n      \"offsetx\": 0,\r\n      \"offsety\": 0,\r\n      \"spaceabove\": 0,\r\n      \"spacebelow\": 0,\r\n      \"yvel\": 1,\r\n      \"push\": 0,\r\n      \"relid\": 7,\r\n      \"attid\": 1065,\r\n      \"sizes\": {\r\n        \"full\": \"\/wp-content\/uploads\/2025\/11\/la-Speranza-Theilerhaus-Geburtstag-Daniel-Hunziker-Design-Identity-AG.png\",\r\n        \"_1024\": \"\/wp-content\/uploads\/2025\/11\/la-Speranza-Theilerhaus-Geburtstag-Daniel-Hunziker-Design-Identity-AG-1024x1024.png\",\r\n        \"_768\": \"\/wp-content\/uploads\/2025\/11\/la-Speranza-Theilerhaus-Geburtstag-Daniel-Hunziker-Design-Identity-AG-768x768.png\",\r\n        \"_512\": \"\/wp-content\/uploads\/2025\/11\/la-Speranza-Theilerhaus-Geburtstag-Daniel-Hunziker-Design-Identity-AG-512x512.png\",\r\n        \"_265\": \"\/wp-content\/uploads\/2025\/11\/la-Speranza-Theilerhaus-Geburtstag-Daniel-Hunziker-Design-Identity-AG-265x265.png\"\r\n      },\r\n      \"w\": 1280,\r\n      \"h\": 1280,\r\n      \"ar\": 1,\r\n      \"alt\": \"\",\r\n      \"absolute_position\": false,\r\n      \"frameOverflow\": \"\"\r\n    },\r\n    {\r\n      \"type\": \"text\",\r\n      \"cont\": \"<p class=\\\"_Default\\\">Wir verbinden die industrielle Geschichte von Landis &amp; Gyr mit Genuss und Lebensfreude. In einmaliger Atmosph\u00e4re k\u00f6nnen Sie bei uns ausgew\u00e4hlte K\u00f6stlich\u00adkeiten der italienischen K\u00fcche geniessen.<\/p><p class=\\\"_Default\\\"><a rel=\\\"noopener\\\" href=\\\"https:\/\/la-speranza.ch\/wp-content\/uploads\/2025\/12\/la-Speranza-im-Theilerhaus-Menu.pdf\\\" target=\\\"_blank\\\">\u2014 Speisekarte<\/a> (wochentags nur am Abend, ausser Pinse)<\/p><p class=\\\"_Default\\\"><a rel=\\\"noopener\\\" href=\\\"https:\/\/la-speranza.ch\/tagesangebot\/\\\" target=\\\"_blank\\\">\u2014 Mittagsangebot<\/a><br \/><br \/><span>Di-Mi \u00a0 \u00a09.00 - 18.00 Uhr (K\u00fcche 11.30 - 16.00 Uhr)<\/span><br \/><span>Do-Sa \u00a09.00 - 23.00 Uhr (K\u00fcche 11.30 - 20.30 Uhr)<\/span><br \/><br \/><\/p><p><a class=\\\"laybutton1 laybutton\\\" rel=\\\"noopener\\\" href=\\\"https:\/\/mytools.aleno.me\/reservations\/v2.0\/reservations.html?k=eyJrIjoid2l2dTVrM2lsNm15cnBiOWlwdzZ4bmViajhycnVkaWRpZ280bGZwODBsbzlhNGlweTEiLCJyIjoiRlhyTERnb3FMRW9RQ1Fxck0iLCJzIjoiaHR0cHM6Ly9teXRvb2xzLmFsZW5vLm1lLyJ9\\\" target=\\\"_blank\\\"><span style=\\\"color: #ffffff;\\\">Reservation<\/span><\/a><br \/><br \/>Sie k\u00f6nnen Ihrer Reservation nicht nachkommen? Bitte kontaktieren Sie uns sp\u00e4testens vier Stunden vorher.<\/p>\",\r\n      \"align\": \"bottom\",\r\n      \"row\": 1,\r\n      \"col\": 0,\r\n      \"colspan\": 12,\r\n      \"offsetx\": 0,\r\n      \"offsety\": 0,\r\n      \"spaceabove\": 0,\r\n      \"spacebelow\": 0,\r\n      \"yvel\": 1,\r\n      \"push\": 0,\r\n      \"relid\": 3,\r\n      \"absolute_position\": true,\r\n      \"frameOverflow\": \"\"\r\n    }\r\n  ]\r\n}","_links":{"self":[{"href":"https:\/\/la-speranza.ch\/en\/wp-json\/wp\/v2\/pages\/1015","targetHints":{"allow":["GET"]}}],"collection":[{"href":"https:\/\/la-speranza.ch\/en\/wp-json\/wp\/v2\/pages"}],"about":[{"href":"https:\/\/la-speranza.ch\/en\/wp-json\/wp\/v2\/types\/page"}],"author":[{"embeddable":true,"href":"https:\/\/la-speranza.ch\/en\/wp-json\/wp\/v2\/users\/2"}],"replies":[{"embeddable":true,"href":"https:\/\/la-speranza.ch\/en\/wp-json\/wp\/v2\/comments?post=1015"}],"version-history":[{"count":0,"href":"https:\/\/la-speranza.ch\/en\/wp-json\/wp\/v2\/pages\/1015\/revisions"}],"wp:attachment":[{"href":"https:\/\/la-speranza.ch\/en\/wp-json\/wp\/v2\/media?parent=1015"}],"curies":[{"name":"wp","href":"https:\/\/api.w.org\/{rel}","templated":true}]}}