{"id":1018,"date":"2025-11-24T12:00:16","date_gmt":"2025-11-24T12:00:16","guid":{"rendered":"https:\/\/la-speranza.ch\/il-menu-copy\/"},"modified":"2026-04-21T18:37:25","modified_gmt":"2026-04-21T18:37:25","slug":"bankette","status":"publish","type":"page","link":"https:\/\/la-speranza.ch\/en\/bankette\/","title":{"rendered":"evento"},"content":{"rendered":"","protected":false},"excerpt":{"rendered":"","protected":false},"author":2,"featured_media":0,"parent":0,"menu_order":4,"comment_status":"closed","ping_status":"closed","template":"","meta":[],"class_list":["post-1018","page","type-page","status-publish","hentry"],"yoast_head":"<!-- This site is optimized with the Yoast SEO plugin v27.4 - https:\/\/yoast.com\/product\/yoast-seo-wordpress\/ -->\n<title>evento - La Speranza<\/title>\n<meta name=\"description\" content=\"Vom Aperetivo bis zum Gesch\u00e4ftsessen: Buchen Sie Bankette und Events im La Speranza im Theilerhaus in Zug.\" \/>\n<meta name=\"robots\" content=\"index, follow, max-snippet:-1, max-image-preview:large, max-video-preview:-1\" \/>\n<link rel=\"canonical\" href=\"https:\/\/la-speranza.ch\/en\/bankette\/\" \/>\n<meta property=\"og:locale\" content=\"en_GB\" \/>\n<meta property=\"og:type\" content=\"article\" \/>\n<meta property=\"og:title\" content=\"evento - La Speranza\" \/>\n<meta property=\"og:description\" content=\"Vom Aperetivo bis zum Gesch\u00e4ftsessen: Buchen Sie Bankette und Events im La Speranza im Theilerhaus in Zug.\" \/>\n<meta property=\"og:url\" content=\"https:\/\/la-speranza.ch\/en\/bankette\/\" \/>\n<meta property=\"og:site_name\" content=\"La Speranza\" \/>\n<meta property=\"article:modified_time\" content=\"2026-04-21T18:37:25+00:00\" \/>\n<meta name=\"twitter:card\" content=\"summary_large_image\" \/>\n<meta name=\"twitter:label1\" content=\"Estimated reading time\" \/>\n\t<meta name=\"twitter:data1\" content=\"1 minute\" \/>\n<script type=\"application\/ld+json\" class=\"yoast-schema-graph\">{\"@context\":\"https:\\\/\\\/schema.org\",\"@graph\":[{\"@type\":\"WebPage\",\"@id\":\"https:\\\/\\\/la-speranza.ch\\\/bankette\\\/\",\"url\":\"https:\\\/\\\/la-speranza.ch\\\/bankette\\\/\",\"name\":\"evento - La Speranza\",\"isPartOf\":{\"@id\":\"https:\\\/\\\/la-speranza.ch\\\/#website\"},\"datePublished\":\"2025-11-24T12:00:16+00:00\",\"dateModified\":\"2026-04-21T18:37:25+00:00\",\"description\":\"Vom Aperetivo bis zum Gesch\u00e4ftsessen: Buchen Sie Bankette und Events im La Speranza im Theilerhaus in Zug.\",\"breadcrumb\":{\"@id\":\"https:\\\/\\\/la-speranza.ch\\\/bankette\\\/#breadcrumb\"},\"inLanguage\":\"en-GB\",\"potentialAction\":[{\"@type\":\"ReadAction\",\"target\":[\"https:\\\/\\\/la-speranza.ch\\\/bankette\\\/\"]}]},{\"@type\":\"BreadcrumbList\",\"@id\":\"https:\\\/\\\/la-speranza.ch\\\/bankette\\\/#breadcrumb\",\"itemListElement\":[{\"@type\":\"ListItem\",\"position\":1,\"name\":\"Start\",\"item\":\"https:\\\/\\\/la-speranza.ch\\\/\"},{\"@type\":\"ListItem\",\"position\":2,\"name\":\"evento\"}]},{\"@type\":\"WebSite\",\"@id\":\"https:\\\/\\\/la-speranza.ch\\\/#website\",\"url\":\"https:\\\/\\\/la-speranza.ch\\\/\",\"name\":\"La Speranza\",\"description\":\"im Theilerhaus\",\"potentialAction\":[{\"@type\":\"SearchAction\",\"target\":{\"@type\":\"EntryPoint\",\"urlTemplate\":\"https:\\\/\\\/la-speranza.ch\\\/?s={search_term_string}\"},\"query-input\":{\"@type\":\"PropertyValueSpecification\",\"valueRequired\":true,\"valueName\":\"search_term_string\"}}],\"inLanguage\":\"en-GB\"}]}<\/script>\n<!-- \/ Yoast SEO plugin. -->","yoast_head_json":{"title":"evento - La Speranza","description":"Vom Aperetivo bis zum Gesch\u00e4ftsessen: Buchen Sie Bankette und Events im La Speranza im Theilerhaus in Zug.","robots":{"index":"index","follow":"follow","max-snippet":"max-snippet:-1","max-image-preview":"max-image-preview:large","max-video-preview":"max-video-preview:-1"},"canonical":"https:\/\/la-speranza.ch\/en\/bankette\/","og_locale":"en_GB","og_type":"article","og_title":"evento - La Speranza","og_description":"Vom Aperetivo bis zum Gesch\u00e4ftsessen: Buchen Sie Bankette und Events im La Speranza im Theilerhaus in Zug.","og_url":"https:\/\/la-speranza.ch\/en\/bankette\/","og_site_name":"La Speranza","article_modified_time":"2026-04-21T18:37:25+00:00","twitter_card":"summary_large_image","twitter_misc":{"Estimated reading time":"1 minute"},"schema":{"@context":"https:\/\/schema.org","@graph":[{"@type":"WebPage","@id":"https:\/\/la-speranza.ch\/bankette\/","url":"https:\/\/la-speranza.ch\/bankette\/","name":"evento - La Speranza","isPartOf":{"@id":"https:\/\/la-speranza.ch\/#website"},"datePublished":"2025-11-24T12:00:16+00:00","dateModified":"2026-04-21T18:37:25+00:00","description":"Vom Aperetivo bis zum Gesch\u00e4ftsessen: Buchen Sie Bankette und Events im La Speranza im Theilerhaus in Zug.","breadcrumb":{"@id":"https:\/\/la-speranza.ch\/bankette\/#breadcrumb"},"inLanguage":"en-GB","potentialAction":[{"@type":"ReadAction","target":["https:\/\/la-speranza.ch\/bankette\/"]}]},{"@type":"BreadcrumbList","@id":"https:\/\/la-speranza.ch\/bankette\/#breadcrumb","itemListElement":[{"@type":"ListItem","position":1,"name":"Start","item":"https:\/\/la-speranza.ch\/"},{"@type":"ListItem","position":2,"name":"evento"}]},{"@type":"WebSite","@id":"https:\/\/la-speranza.ch\/#website","url":"https:\/\/la-speranza.ch\/","name":"La Speranza","description":"im Theilerhaus","potentialAction":[{"@type":"SearchAction","target":{"@type":"EntryPoint","urlTemplate":"https:\/\/la-speranza.ch\/?s={search_term_string}"},"query-input":{"@type":"PropertyValueSpecification","valueRequired":true,"valueName":"search_term_string"}}],"inLanguage":"en-GB"}]}},"grid":"{\r\n  \"colCount\": 8,\r\n  \"colGutter\": 2,\r\n  \"rowGutters\": [],\r\n  \"frameMargin\": 5,\r\n  \"leftFrameMargin\": 2,\r\n  \"rightFrameMargin\": 2,\r\n  \"topFrameMargin\": 100,\r\n  \"mus\": {\r\n    \"colGutterMu\": \"%\",\r\n    \"rowGutterMu\": \"%\",\r\n    \"topFrameMu\": \"px\",\r\n    \"bottomFrameMu\": \"%\",\r\n    \"frameMu\": \"%\"\r\n  },\r\n  \"bottomFrameMargin\": 2,\r\n  \"rowAttrs\": [\r\n    {\r\n      \"row100vh\": false,\r\n      \"rowcustomheight\": \"85vh\",\r\n      \"relid\": 1\r\n    }\r\n  ],\r\n  \"bgColor\": null,\r\n  \"bgImage\": null,\r\n  \"cont\": [\r\n    {\r\n      \"type\": \"text\",\r\n      \"cont\": \"<p>Wie bieten den passenden Rahmen f\u00fcr gemeinsame Momente: schlicht, herzlich und mit viel <em>Italianit\u00e0<\/em>.<\/p><p>F\u00fcr kleinere Feiern steht unser S\u00e4li f\u00fcr bis zu 15 G\u00e4ste bereit, im Restaurant empfangen wir bis zu 70 Personen, und auf der Terrasse finden bis zu \u00a080 G\u00e4ste Platz. Ob Aperitivo, famili\u00e4res Fest oder un\u00adkompliziertes Gesch\u00e4fts\u00adessen \u2013 wir servieren Gerichte aus Italien, die verbinden und Freude machen. Unser Team begleitet Sie von der Men\u00fc\u00adwahl bis zum letzten Espresso und gestaltet Ihren Anlass so, wie er sein soll: pers\u00f6nlich, entspannt und genussvoll.<\/p><p><a rel=\\\"noopener\\\" href=\\\"https:\/\/la-speranza.ch\/wp-content\/uploads\/2026\/01\/la-Speranza-im-Theilerhaus-Cateringangebot.pdf\\\" target=\\\"_blank\\\">\u2014 Cateringangebot<\/a><\/p>\",\r\n      \"align\": \"bottom\",\r\n      \"row\": 0,\r\n      \"col\": 0,\r\n      \"colspan\": 4,\r\n      \"offsetx\": 0,\r\n      \"offsety\": 0,\r\n      \"spaceabove\": 0,\r\n      \"spacebelow\": 0,\r\n      \"yvel\": 1,\r\n      \"push\": 0,\r\n      \"relid\": 3,\r\n      \"absolute_position\": true\r\n    },\r\n    {\r\n      \"type\": \"img\",\r\n      \"cont\": \"\/wp-content\/uploads\/2025\/11\/la-Speranza-Theilerhaus-tanzende-Frauen-Daniel-Hunziker-Design-Identity-AG.png\",\r\n      \"align\": \"bottom\",\r\n      \"row\": 0,\r\n      \"col\": 4,\r\n      \"colspan\": 4,\r\n      \"offsetx\": 0,\r\n      \"offsety\": 0,\r\n      \"spaceabove\": 0,\r\n      \"spacebelow\": 0,\r\n      \"yvel\": 1,\r\n      \"push\": 4,\r\n      \"relid\": 2,\r\n      \"attid\": 1073,\r\n      \"sizes\": {\r\n        \"full\": \"\/wp-content\/uploads\/2025\/11\/la-Speranza-Theilerhaus-tanzende-Frauen-Daniel-Hunziker-Design-Identity-AG.png\",\r\n        \"_1024\": \"\/wp-content\/uploads\/2025\/11\/la-Speranza-Theilerhaus-tanzende-Frauen-Daniel-Hunziker-Design-Identity-AG-1024x1024.png\",\r\n        \"_768\": \"\/wp-content\/uploads\/2025\/11\/la-Speranza-Theilerhaus-tanzende-Frauen-Daniel-Hunziker-Design-Identity-AG-768x768.png\",\r\n        \"_512\": \"\/wp-content\/uploads\/2025\/11\/la-Speranza-Theilerhaus-tanzende-Frauen-Daniel-Hunziker-Design-Identity-AG-512x512.png\",\r\n        \"_265\": \"\/wp-content\/uploads\/2025\/11\/la-Speranza-Theilerhaus-tanzende-Frauen-Daniel-Hunziker-Design-Identity-AG-265x265.png\"\r\n      },\r\n      \"w\": 1280,\r\n      \"h\": 1280,\r\n      \"ar\": 1,\r\n      \"alt\": \"\",\r\n      \"absolute_position\": true,\r\n      \"classes\": \"img_max\"\r\n    }\r\n  ]\r\n}","phonegrid":"{\r\n  \"colCount\": 12,\r\n  \"colGutter\": 1,\r\n  \"rowGutters\": [\r\n    5\r\n  ],\r\n  \"frameMargin\": 5,\r\n  \"topFrameMargin\": 5,\r\n  \"rightFrameMargin\": 5,\r\n  \"bottomFrameMargin\": 5,\r\n  \"leftFrameMargin\": 5,\r\n  \"mus\": {\r\n    \"colGutterMu\": \"%\",\r\n    \"rowGutterMu\": \"%\",\r\n    \"topFrameMu\": \"%\",\r\n    \"bottomFrameMu\": \"%\",\r\n    \"frameMu\": \"%\"\r\n  },\r\n  \"rowAttrs\": [\r\n    {\r\n      \"relid\": 5\r\n    },\r\n    {\r\n      \"relid\": 4\r\n    }\r\n  ],\r\n  \"bgColor\": null,\r\n  \"bgImage\": null,\r\n  \"cont\": [\r\n    {\r\n      \"type\": \"img\",\r\n      \"cont\": \"\/wp-content\/uploads\/2025\/11\/la-Speranza-Theilerhaus-tanzende-Frauen-Daniel-Hunziker-Design-Identity-AG.png\",\r\n      \"align\": \"bottom\",\r\n      \"row\": 0,\r\n      \"col\": 0,\r\n      \"colspan\": 12,\r\n      \"offsetx\": 0,\r\n      \"offsety\": 0,\r\n      \"spaceabove\": 0,\r\n      \"spacebelow\": 0,\r\n      \"yvel\": 1,\r\n      \"push\": 0,\r\n      \"relid\": 2,\r\n      \"attid\": 1073,\r\n      \"sizes\": {\r\n        \"full\": \"\/wp-content\/uploads\/2025\/11\/la-Speranza-Theilerhaus-tanzende-Frauen-Daniel-Hunziker-Design-Identity-AG.png\",\r\n        \"_1024\": \"\/wp-content\/uploads\/2025\/11\/la-Speranza-Theilerhaus-tanzende-Frauen-Daniel-Hunziker-Design-Identity-AG-1024x1024.png\",\r\n        \"_768\": \"\/wp-content\/uploads\/2025\/11\/la-Speranza-Theilerhaus-tanzende-Frauen-Daniel-Hunziker-Design-Identity-AG-768x768.png\",\r\n        \"_512\": \"\/wp-content\/uploads\/2025\/11\/la-Speranza-Theilerhaus-tanzende-Frauen-Daniel-Hunziker-Design-Identity-AG-512x512.png\",\r\n        \"_265\": \"\/wp-content\/uploads\/2025\/11\/la-Speranza-Theilerhaus-tanzende-Frauen-Daniel-Hunziker-Design-Identity-AG-265x265.png\"\r\n      },\r\n      \"w\": 1280,\r\n      \"h\": 1280,\r\n      \"ar\": 1,\r\n      \"alt\": \"\",\r\n      \"absolute_position\": true,\r\n      \"classes\": \"img_max\"\r\n    },\r\n    {\r\n      \"type\": \"text\",\r\n      \"cont\": \"<p>Wie bieten den passenden Rahmen f\u00fcr gemeinsame Momente: schlicht, herzlich und mit viel <em>Italianit\u00e0<\/em>.<\/p><p>F\u00fcr kleinere Feiern steht unser S\u00e4li f\u00fcr bis zu 15 G\u00e4ste bereit, im Restaurant empfangen wir bis zu 70 Personen, und auf der Terrasse finden bis zu \u00a080 G\u00e4ste Platz. Ob Aperitivo, famili\u00e4res Fest oder un\u00adkompliziertes Gesch\u00e4fts\u00adessen \u2013 wir servieren Gerichte aus Italien, die verbinden und Freude machen. Unser Team begleitet Sie von der Men\u00fc\u00adwahl bis zum letzten Espresso und gestaltet Ihren Anlass so, wie er sein soll: pers\u00f6nlich, entspannt und genussvoll.<\/p><p><a rel=\\\"noopener\\\" href=\\\"https:\/\/la-speranza.ch\/wp-content\/uploads\/2026\/01\/la-Speranza-im-Theilerhaus-Cateringangebot.pdf\\\" target=\\\"_blank\\\">\u2014 Cateringangebot<\/a><\/p>\",\r\n      \"align\": \"bottom\",\r\n      \"row\": 1,\r\n      \"col\": 0,\r\n      \"colspan\": 12,\r\n      \"offsetx\": 0,\r\n      \"offsety\": 0,\r\n      \"spaceabove\": 0,\r\n      \"spacebelow\": 0,\r\n      \"yvel\": 1,\r\n      \"push\": 0,\r\n      \"relid\": 3,\r\n      \"absolute_position\": true\r\n    }\r\n  ]\r\n}","_links":{"self":[{"href":"https:\/\/la-speranza.ch\/en\/wp-json\/wp\/v2\/pages\/1018","targetHints":{"allow":["GET"]}}],"collection":[{"href":"https:\/\/la-speranza.ch\/en\/wp-json\/wp\/v2\/pages"}],"about":[{"href":"https:\/\/la-speranza.ch\/en\/wp-json\/wp\/v2\/types\/page"}],"author":[{"embeddable":true,"href":"https:\/\/la-speranza.ch\/en\/wp-json\/wp\/v2\/users\/2"}],"replies":[{"embeddable":true,"href":"https:\/\/la-speranza.ch\/en\/wp-json\/wp\/v2\/comments?post=1018"}],"version-history":[{"count":0,"href":"https:\/\/la-speranza.ch\/en\/wp-json\/wp\/v2\/pages\/1018\/revisions"}],"wp:attachment":[{"href":"https:\/\/la-speranza.ch\/en\/wp-json\/wp\/v2\/media?parent=1018"}],"curies":[{"name":"wp","href":"https:\/\/api.w.org\/{rel}","templated":true}]}}